{"id":97,"date":"2021-11-02T14:52:33","date_gmt":"2021-11-02T13:52:33","guid":{"rendered":"https:\/\/kaps.si\/grcnm\/?page_id=97"},"modified":"2025-05-11T11:40:54","modified_gmt":"2025-05-11T10:40:54","slug":"vozila","status":"publish","type":"page","link":"https:\/\/kaps.si\/grcnm\/vozila\/","title":{"rendered":"VOZILA"},"content":{"rendered":"\n\n\n<h3>VOZILA<\/h3>\n\n\n\n\n<p style=\"text-align: center;\"><strong>Gasilsko vozilo s cisterno GVC 16\/25<br>\nTip vozila: GVC 16\/25<br>\nOznaka: LOKA 10<br>\nZnamka: MAN TGM 13.290 4&#215;4<br>\nLetnik: 2020<br>\nNadgradnja: Rosenbauer<br>\nPosadka: 1+5<\/strong><\/p>\n<p style=\"text-align: center;\"><strong>Gasilsko vozilo s cisterno GVC 16\/20<br>\nTip vozila: GVC 16\/20<br>\nOznaka: LOKA 14<br>\nZnamka: MB 917 4&#215;4<br>\nLetnik: 1994<br>\nNadgradnja: Lohr<br>\nPosadka: 1+2<\/strong><\/p>\n<p style=\"text-align: center;\"><strong>Gasilsko vozilo s cisterno AC 28\/80<br>\nTip vozila: AC 28\/80<br>\nOznaka: LOKA 17<br>\nZnamka: TAM 260<br>\nLetnik: 1986<br>\nNadgradnja: Karoserist<br>\nPosadka: 1+2<\/strong><\/p>\n<p style=\"text-align: center;\"><strong>Ve\u010dnamensko gasilsko vozilo VGV<br>\nTip vozila: VGV<br>\nOznaka: LOKA 20<br>\nZnamka: Toyota Hilux 4&#215;4, letnik 2024<br>\nNadgradnja: Rosenbauer \/ Labong Design<br>\nModuli: Modul za ga\u0161enje gozdnih po\u017earov MGP, Modul za tehni\u010dno re\u0161evanje MTR, Modul za re\u0161evanje z vi\u0161in in globin MRVG<br>\nPosadka: 1+4<\/strong><\/p>\n<p style=\"text-align: center;\"><strong>Gasilsko tovorno vozilo z dvigalom GTV-D<br>\nTip vozila: GTV-D<br>\nOznaka: LOKA 23<br>\nZnamka: MB Atego 1329<br>\nLetnik: 2013<br>\nNadgradnja: GV Pu\u0161nik<br>\nPosadka: 1+2<\/strong><\/p>\n\n\n<p style=\"text-align: center;\"><strong>Gasilsko vozilo s cisterno GVC 24\/40<br>\nTip vozila: GVC 24\/40<br>\nOznaka: LOKA 11<br>\nZnamka: MB Atego 1629 4&#215;4<br>\nLetnik: 2008<br>\nNadgradnja: Lohr<br>\nPosadka: 1+2<\/strong><\/p>\n<p style=\"text-align: center;\"><strong>Gasilsko vozilo s cisterno AC 24\/60<br>\nTip vozila: AC 24\/60<br>\nOznaka: LOKA 15<br>\nZnamka: MB Atego 1629<br>\nLetnik: 2013<br>\nNadgradnja: GV Pu\u0161nik<br>\nPosadka: 1+2<\/strong><\/p>\n<p style=\"text-align: center;\"><strong>Manj\u0161e gasilsko vozilo za logistiko GVL-1<br>\nTip vozila: GVL-1<br>\nOznaka: LOKA 18<br>\nZnamka: Renault Master<br>\nLetnik: 2018<br>\nNadgradnja: Premier-Adria<br>\nPosadka: 1+2<\/strong><\/p>\n<p style=\"text-align: center;\"><strong>Manj\u0161e poveljni\u0161ko vozilo PV-1<br>\nTip vozila: PV-1<br>\nOznaka: LOKA 21<br>\nZnamka: Subaru Forester 4&#215;4<br>\nLetnik: 1995<br>\nPosadka: 1+4<\/strong><\/p>\n<p style=\"text-align: center;\"><strong>Manj\u0161e gasilsko vozilo za prevoz mo\u0161tva GVM-1<br>\nTip vozila: GVM-1<br>\nOznaka: LOKA 24<br>\nZnamka: Renault Trafic<br>\nLetnik: 2018<br>\nNadgradnja: Farmel<br>\nPosadka: 1+8<\/strong><\/p>\n\n\n<p style=\"text-align: center;\"><strong>Teleskopsko dvigalo s preklopno roko TD<br>\nTip vozila: TD 23-12<br>\nOznaka: LOKA 13<br>\nZnamka: Scania 94G<br>\nLetnik: 2005<br>\nNadgradnja: Bronto Skylift<br>\nPosadka: 1+1<\/strong><\/p>\n<p style=\"text-align: center;\"><strong>Tehni\u010dno re\u0161evalno vozilo z dvigalom TRV-2D<br>\nTip vozila: TRV-2D<br>\nOznaka: LOKA 16<br>\nZnamka: Scania P360 4&#215;4<br>\nLetnik: 2011<br>\nNadgradnja: Euro GV<br>\nPosadka: 1+2<\/strong><\/p>\n<p style=\"text-align: center;\"><strong>Ve\u010dnamensko gasilsko vozilo VGV<br>\nTip vozila: VGV<br>\nOznaka: LOKA 19<br>\nZnamka: Toyota Hilux 4&#215;4, letnik 2024<br>\nNadgradnja: Rosenbauer \/ Labong Design<br>\nModuli: Modul za ga\u0161enje gozdnih po\u017earov MGP, Modul za tehni\u010dno re\u0161evanje MTR, Modul za re\u0161evanje z vi\u0161in in globin MRVG<br>\nPosadka: 1+4<\/strong><\/p>\n<p style=\"text-align: center;\"><strong>Manj\u0161e poveljni\u0161ko vozilo PV-1<br>\nTip vozila: PV-1<br>\nOznaka: LOKA 22<br>\nZnamka: Renault Kangoo<br>\nLetnik: 2019<br>\nNadgradnja: 3 DIM<br>\nPosadka: 1+4<\/strong><\/p>\n<p style=\"text-align: center;\"><strong>Manj\u0161e poveljni\u0161ko vozilo PV-1<br>\nTip vozila: PV-1<br>\nOznaka: LOKA 25<br>\nZnamka: Dacia Sandrero<br>\nLetnik: 2022<br>\nNadgradnja: Labong Design<br>\nPosadka: 1+4<\/strong><\/p>\n\n\n\n\n\n\n\n\n\n\n\n\n","protected":false},"excerpt":{"rendered":"","protected":false},"author":1,"featured_media":0,"parent":0,"menu_order":0,"comment_status":"closed","ping_status":"closed","template":"","meta":{"pagelayer_contact_templates":[],"_pagelayer_content":"","footnotes":""},"class_list":["post-97","page","type-page","status-publish","hentry"],"rttpg_featured_image_url":null,"rttpg_author":{"display_name":"admin","author_link":"https:\/\/kaps.si\/grcnm\/author\/admin\/"},"rttpg_comment":0,"rttpg_category":null,"rttpg_excerpt":null,"_links":{"self":[{"href":"https:\/\/kaps.si\/grcnm\/wp-json\/wp\/v2\/pages\/97","targetHints":{"allow":["GET"]}}],"collection":[{"href":"https:\/\/kaps.si\/grcnm\/wp-json\/wp\/v2\/pages"}],"about":[{"href":"https:\/\/kaps.si\/grcnm\/wp-json\/wp\/v2\/types\/page"}],"author":[{"embeddable":true,"href":"https:\/\/kaps.si\/grcnm\/wp-json\/wp\/v2\/users\/1"}],"replies":[{"embeddable":true,"href":"https:\/\/kaps.si\/grcnm\/wp-json\/wp\/v2\/comments?post=97"}],"version-history":[{"count":66,"href":"https:\/\/kaps.si\/grcnm\/wp-json\/wp\/v2\/pages\/97\/revisions"}],"predecessor-version":[{"id":1046,"href":"https:\/\/kaps.si\/grcnm\/wp-json\/wp\/v2\/pages\/97\/revisions\/1046"}],"wp:attachment":[{"href":"https:\/\/kaps.si\/grcnm\/wp-json\/wp\/v2\/media?parent=97"}],"curies":[{"name":"wp","href":"https:\/\/api.w.org\/{rel}","templated":true}]}}