{"id":404,"date":"2025-01-27T16:34:57","date_gmt":"2025-01-27T15:34:57","guid":{"rendered":"https:\/\/kaps.si\/grcnm\/?page_id=404"},"modified":"2025-02-16T16:59:16","modified_gmt":"2025-02-16T15:59:16","slug":"poslovne-vrednote-zavoda","status":"publish","type":"page","link":"https:\/\/kaps.si\/grcnm\/about\/poslovne-vrednote-zavoda\/","title":{"rendered":"Poslovne vrednote zavoda"},"content":{"rendered":"\n\n\n<h3>POSLOVNE VREDNOTE ZAVODA<\/h3>\n<h6>POSLANSTVO<\/h6>\n<p style=\"text-align: justify;\">Na\u0161e poslanstvo temelji na za\u0161\u010diti in re\u0161evanju \u017eivljenja, premo\u017eenja in okolja ter pomo\u010di pri vzpostavljanju u\u010dinkovite po\u017earne preventive in ozave\u0161\u010danju ob\u010danov glede ravnanja v po\u017earnih situacijah.<\/p>\n<h6>VIZIJA<\/h6>\n<p style=\"text-align: justify;\">Vizija Gasilsko-re\u0161evalnega centra Novo mesto je ostati osrednja gasilska enota v regiji, ki se je sposobna sproti prilagajati novim zahtevam okolja in u\u010dinkovito posredovati ob vseh vrstah nesre\u010d ob vsakem \u010dasu in v vseh razmerah. Storitve opravljati na najvi\u0161jem nivoju kakovosti ter preko svoje dejavnosti negovati in razvijati tradicijo gasilstva v na\u0161em prostoru in skrbeti za ugled poklicnega gasilstva.<\/p>\n<h6>STRATE\u0160KI CILJI<\/h6>\n\nzagotavljanje materialnih pogojev za delovanje in razvoj zavoda,\nstalna skrb za racionalno, gospodarno in kakovostno poslovanje,\nzagotavljanje optimalne organizacijsko tehni\u010dne pripravljenosti operative za u\u010dinkovito izvajanje intervencij,\ndvig strokovne usposobljenosti in kondicijske pripravljenosti operative in njeno prilagajanje raznovrstnim situacijam in zahtevam,\nuvajanje sodobnih organizacijskih in informacijskih re\u0161itev v vsa podro\u010dja dela zavoda.\n\n<h6>VREDNOTE, KATERIM SLEDIMO<\/h6>\n\nodgovornost do ljudi, narave in slu\u017ebe,\ntimsko delo in pripadnost zavodu,\nskrb za zaposlene,\nzanesljivost in zaupanje,\nvarovanje zdravja zaposlenih,\ndovzetnost za spremembe in novosti.\n\n<h6>POLITIKA KAKOVOSTI<\/h6>\n\nKakovost je osnovna usmeritev zavoda. Osnovni cilj je: izvajati kakovostne storitve, ki zadovoljijo potrebe in zahteve uporabnika storitev.\nTe\u017eimo h kakovosti, ki predstavlja optimalno kakovost glede na dolgoro\u010dne ekonomske u\u010dinke, v skladu s poslovno politiko zavoda. Pri oceni kakovosti ima mnenje uporabnikov na\u0161ih storitev odlo\u010dilen pomen.\nNa\u0161e storitve morajo v celoti ustrezati zahtevam, ki jih dolo\u010dajo dr\u017eavni zakoni, pravilniki in standardi ter ob\u010dinski akti.\nStoritve naj zadovoljujejo zahtevnega uporabnika storitev, ravno tako pa naj bo izvedba prijazna do \u010dloveka in okolja.\nKakovost na ravni zavoda pomeni tudi spo\u0161tovanje dogovorjenih rokov, razpolo\u017eljivost storitev, konkuren\u010dne cene, in kakovost poslovanja v celoti kot sledi: strokovnost in odgovornost, po\u0161tenost in prizadevnost.\nZa kakovost je najprej odgovoren direktor, ki planira in  usmerja vse aktivnosti za doseganje kakovosti. Svoj del odgovornosti za kakovost nosijo vodje dejavnosti in podro\u010dij ter vsi zaposleni v zavodu glede na pristojnosti, odgovornosti pri delu in glede na kodeks obna\u0161anja gasilcev.\nSistem kakovosti bomo vzdr\u017eevali na ravni zahtev medna\u00acrodnega standarda za vodenje in zagotavljanje kakovosti ISO 9001:2008. Sistem kakovosti je dokumentiran v POSLOVNIKU KAKOVOSTI, le-ta pa je usklajen s prakso.\nSplo\u0161ni cilji kakovosti so naslednji: izbolj\u0161ati pomembne zna\u010dilnosti kakovosti storitev, tehnologija mora biti ekolo\u0161ko neopore\u010dna, stalno izbolj\u0161evati procese za doseganje in izpolnjevanje zahtev kakovosti, pove\u010devati u\u010dinkovitost zavoda s stalnimi izbolj\u0161avami, hitrej\u0161imi posredovanji, optimalno organizacijo dela ter izbolj\u0161evanjem poslovanja zavoda v celoti.\n\n\n\n\n<p><\/p>\n","protected":false},"excerpt":{"rendered":"","protected":false},"author":1,"featured_media":0,"parent":29,"menu_order":0,"comment_status":"closed","ping_status":"closed","template":"","meta":{"pagelayer_contact_templates":[],"_pagelayer_content":"","footnotes":""},"class_list":["post-404","page","type-page","status-publish","hentry"],"rttpg_featured_image_url":null,"rttpg_author":{"display_name":"admin","author_link":"https:\/\/kaps.si\/grcnm\/author\/admin\/"},"rttpg_comment":0,"rttpg_category":null,"rttpg_excerpt":null,"_links":{"self":[{"href":"https:\/\/kaps.si\/grcnm\/wp-json\/wp\/v2\/pages\/404","targetHints":{"allow":["GET"]}}],"collection":[{"href":"https:\/\/kaps.si\/grcnm\/wp-json\/wp\/v2\/pages"}],"about":[{"href":"https:\/\/kaps.si\/grcnm\/wp-json\/wp\/v2\/types\/page"}],"author":[{"embeddable":true,"href":"https:\/\/kaps.si\/grcnm\/wp-json\/wp\/v2\/users\/1"}],"replies":[{"embeddable":true,"href":"https:\/\/kaps.si\/grcnm\/wp-json\/wp\/v2\/comments?post=404"}],"version-history":[{"count":11,"href":"https:\/\/kaps.si\/grcnm\/wp-json\/wp\/v2\/pages\/404\/revisions"}],"predecessor-version":[{"id":901,"href":"https:\/\/kaps.si\/grcnm\/wp-json\/wp\/v2\/pages\/404\/revisions\/901"}],"up":[{"embeddable":true,"href":"https:\/\/kaps.si\/grcnm\/wp-json\/wp\/v2\/pages\/29"}],"wp:attachment":[{"href":"https:\/\/kaps.si\/grcnm\/wp-json\/wp\/v2\/media?parent=404"}],"curies":[{"name":"wp","href":"https:\/\/api.w.org\/{rel}","templated":true}]}}