{"id":32,"date":"2021-10-24T15:06:40","date_gmt":"2021-10-24T14:06:40","guid":{"rendered":"https:\/\/kaps.si\/grcnm\/blog\/"},"modified":"2025-02-16T22:09:28","modified_gmt":"2025-02-16T21:09:28","slug":"blog","status":"publish","type":"page","link":"https:\/\/kaps.si\/grcnm\/blog\/","title":{"rendered":"AKTUALNO"},"content":{"rendered":"\n\n\n<h3>AKTUALNO<\/h3>\n\n<div class=\"wp-block-query is-layout-flow wp-block-query-is-layout-flow\"><ul class=\"wp-block-post-template is-layout-flow wp-block-post-template-is-layout-flow\"><li class=\"wp-block-post post-1061 post type-post status-publish format-standard hentry category-obvestila\">\n\n<div class=\"wp-block-columns alignwide is-layout-flex wp-container-core-columns-is-layout-9d6595d7 wp-block-columns-is-layout-flex\">\n<div class=\"wp-block-column is-layout-flow wp-block-column-is-layout-flow\" style=\"flex-basis:50%\"><\/div>\n\n\n\n<div class=\"wp-block-column is-layout-flow wp-block-column-is-layout-flow\" style=\"flex-basis:50%\"><h2 class=\"wp-block-post-title has-medium-font-size\"><a href=\"https:\/\/kaps.si\/grcnm\/2025\/09\/24\/razpis-kandidat-za-gasilca\/\" target=\"_self\" >Razpis KANDIDAT ZA GASILCA<\/a><\/h2>\n\n<div class=\"wp-block-post-excerpt\"><p class=\"wp-block-post-excerpt__excerpt\"> <\/p><\/div><\/div>\n<\/div>\n\n<\/li><li class=\"wp-block-post post-1051 post type-post status-publish format-standard has-post-thumbnail hentry category-obvestila\">\n\n<div class=\"wp-block-columns alignwide is-layout-flex wp-container-core-columns-is-layout-9d6595d7 wp-block-columns-is-layout-flex\">\n<div class=\"wp-block-column is-layout-flow wp-block-column-is-layout-flow\" style=\"flex-basis:50%\"><figure style=\"aspect-ratio:auto;\" class=\"wp-block-post-featured-image\"><a href=\"https:\/\/kaps.si\/grcnm\/2025\/04\/29\/prvomajski-kresovi-kurite-varno-in-odgovorno\/\" target=\"_self\"  ><img loading=\"lazy\" decoding=\"async\" width=\"1200\" height=\"616\" src=\"https:\/\/kaps.si\/grcnm\/wp-content\/uploads\/2025\/05\/494048649_978867107732574_5557762911755206130_n-1.jpg\" class=\"attachment-post-thumbnail size-post-thumbnail wp-post-image\" alt=\"Prvomajski kresovi &#8211; kurite varno in odgovorno\" style=\"width:100%;height:100%;object-fit:cover;\" \/><\/a><\/figure><\/div>\n\n\n\n<div class=\"wp-block-column is-layout-flow wp-block-column-is-layout-flow\" style=\"flex-basis:50%\"><h2 class=\"wp-block-post-title has-medium-font-size\"><a href=\"https:\/\/kaps.si\/grcnm\/2025\/04\/29\/prvomajski-kresovi-kurite-varno-in-odgovorno\/\" target=\"_self\" >Prvomajski kresovi &#8211; kurite varno in odgovorno<\/a><\/h2>\n\n<div class=\"wp-block-post-excerpt\"><p class=\"wp-block-post-excerpt__excerpt\">Uprava RS za za\u0161\u010dito in re\u0161evanje (URSZR) ter Gasilsko-re\u0161evalni center Novo mesto pozivata vse organizatorje in posameznike, da ob prvomajskih praznikih ravnajo odgovorno in dosledno upo\u0161tevajo varnostne napotke pri kurjenju kresov. Da bo praznovanje potekalo varno in brez nepotrebnih nevarnosti, je treba upo\u0161tevati naslednje napotke:\u2705 Prostor okoli kuri\u0161\u010da mora biti o\u010di\u0161\u010den vseh gorljivih snovi v&hellip; <\/p><\/div><\/div>\n<\/div>\n\n<\/li><li class=\"wp-block-post post-624 post type-post status-publish format-standard has-post-thumbnail hentry category-obvestila\">\n\n<div class=\"wp-block-columns alignwide is-layout-flex wp-container-core-columns-is-layout-9d6595d7 wp-block-columns-is-layout-flex\">\n<div class=\"wp-block-column is-layout-flow wp-block-column-is-layout-flow\" style=\"flex-basis:50%\"><figure style=\"aspect-ratio:auto;\" class=\"wp-block-post-featured-image\"><a href=\"https:\/\/kaps.si\/grcnm\/2025\/02\/09\/zakljucek-arhitekturnega-natecaja-2\/\" target=\"_self\"  ><img loading=\"lazy\" decoding=\"async\" width=\"1879\" height=\"984\" src=\"https:\/\/kaps.si\/grcnm\/wp-content\/uploads\/2025\/02\/474592980_1019344123557990_33368371662425849_n.jpg\" class=\"attachment-post-thumbnail size-post-thumbnail wp-post-image\" alt=\"Zaklju\u010dek arhitekturnega nate\u010daja\" style=\"width:100%;height:100%;object-fit:cover;\" \/><\/a><\/figure><\/div>\n\n\n\n<div class=\"wp-block-column is-layout-flow wp-block-column-is-layout-flow\" style=\"flex-basis:50%\"><h2 class=\"wp-block-post-title has-medium-font-size\"><a href=\"https:\/\/kaps.si\/grcnm\/2025\/02\/09\/zakljucek-arhitekturnega-natecaja-2\/\" target=\"_self\" >Zaklju\u010dek arhitekturnega nate\u010daja<\/a><\/h2>\n\n<div class=\"wp-block-post-excerpt\"><p class=\"wp-block-post-excerpt__excerpt\">Novome\u0161ki poklicni gasilci se veselimo zaklju\u010dka arhitekturnega nate\u010daja za novo Regionalno sredi\u0161\u010de za za\u0161\u010dito, re\u0161evanje in pomo\u010d Novo mesto! Novi prostori so nujno potrebni, saj sedanji gasilski dom ne omogo\u010da ve\u010d ustreznih pogojev za na\u0161e delo. Sodoben objekt nam bo omogo\u010dil \u0161e bolj u\u010dinkovito delo ter ve\u010djo varnost za vse prebivalce ob\u010dine in regije. Hvala&hellip; <\/p><\/div><\/div>\n<\/div>\n\n<\/li><li class=\"wp-block-post post-628 post type-post status-publish format-standard has-post-thumbnail hentry category-obvestila\">\n\n<div class=\"wp-block-columns alignwide is-layout-flex wp-container-core-columns-is-layout-9d6595d7 wp-block-columns-is-layout-flex\">\n<div class=\"wp-block-column is-layout-flow wp-block-column-is-layout-flow\" style=\"flex-basis:50%\"><figure style=\"aspect-ratio:auto;\" class=\"wp-block-post-featured-image\"><a href=\"https:\/\/kaps.si\/grcnm\/2024\/12\/31\/srecno-2025\/\" target=\"_self\"  ><img loading=\"lazy\" decoding=\"async\" width=\"1431\" height=\"640\" src=\"https:\/\/kaps.si\/grcnm\/wp-content\/uploads\/2025\/02\/471252179_895441086075177_3812430138654406874_n.jpg\" class=\"attachment-post-thumbnail size-post-thumbnail wp-post-image\" alt=\"Sre\u010dno 2025\" style=\"width:100%;height:100%;object-fit:cover;\" \/><\/a><\/figure><\/div>\n\n\n\n<div class=\"wp-block-column is-layout-flow wp-block-column-is-layout-flow\" style=\"flex-basis:50%\"><h2 class=\"wp-block-post-title has-medium-font-size\"><a href=\"https:\/\/kaps.si\/grcnm\/2024\/12\/31\/srecno-2025\/\" target=\"_self\" >Sre\u010dno 2025<\/a><\/h2>\n\n<div class=\"wp-block-post-excerpt\"><p class=\"wp-block-post-excerpt__excerpt\">Z vami v najdalj\u0161i no\u010di gasilci 1. Izmene GRC NM <\/p><\/div><\/div>\n<\/div>\n\n<\/li><\/ul><\/div>\n\n\n","protected":false},"excerpt":{"rendered":"","protected":false},"author":1,"featured_media":0,"parent":0,"menu_order":0,"comment_status":"closed","ping_status":"closed","template":"","meta":{"pagelayer_contact_templates":[],"_pagelayer_content":"","footnotes":""},"class_list":["post-32","page","type-page","status-publish","hentry"],"rttpg_featured_image_url":null,"rttpg_author":{"display_name":"admin","author_link":"https:\/\/kaps.si\/grcnm\/author\/admin\/"},"rttpg_comment":0,"rttpg_category":null,"rttpg_excerpt":null,"_links":{"self":[{"href":"https:\/\/kaps.si\/grcnm\/wp-json\/wp\/v2\/pages\/32","targetHints":{"allow":["GET"]}}],"collection":[{"href":"https:\/\/kaps.si\/grcnm\/wp-json\/wp\/v2\/pages"}],"about":[{"href":"https:\/\/kaps.si\/grcnm\/wp-json\/wp\/v2\/types\/page"}],"author":[{"embeddable":true,"href":"https:\/\/kaps.si\/grcnm\/wp-json\/wp\/v2\/users\/1"}],"replies":[{"embeddable":true,"href":"https:\/\/kaps.si\/grcnm\/wp-json\/wp\/v2\/comments?post=32"}],"version-history":[{"count":18,"href":"https:\/\/kaps.si\/grcnm\/wp-json\/wp\/v2\/pages\/32\/revisions"}],"predecessor-version":[{"id":925,"href":"https:\/\/kaps.si\/grcnm\/wp-json\/wp\/v2\/pages\/32\/revisions\/925"}],"wp:attachment":[{"href":"https:\/\/kaps.si\/grcnm\/wp-json\/wp\/v2\/media?parent=32"}],"curies":[{"name":"wp","href":"https:\/\/api.w.org\/{rel}","templated":true}]}}