{"id":29,"date":"2021-10-24T15:06:40","date_gmt":"2021-10-24T14:06:40","guid":{"rendered":"https:\/\/kaps.si\/grcnm\/about\/"},"modified":"2025-02-28T17:10:27","modified_gmt":"2025-02-28T16:10:27","slug":"about","status":"publish","type":"page","link":"https:\/\/kaps.si\/grcnm\/about\/","title":{"rendered":"PREDSTAVITEV"},"content":{"rendered":"\n\n\n<h3>PREDSTAVITEV<\/h3>\n\n\n\n<p style=\"background-color: rgba(236, 230, 230, 0.84); text-align: center;\"><b>Gasilsko-re\u0161evalni center Novo mesto<\/b><\/p>\n<p style=\"background-color: rgba(236, 230, 230, 0.84); text-align: center;\">Seidlova cesta 29, <\/p><p style=\"background-color: rgba(236, 230, 230, 0.84); text-align: center;\">8000 Novo mesto<\/p><p style=\"background-color: rgba(236, 230, 230, 0.84); text-align: center;\">Telefon: +386 7 393 30 40<\/p><p style=\"background-color: rgba(236, 230, 230, 0.84); text-align: center;\">Spletna stran: www.grc-nm.si<\/p><p style=\"background-color: rgba(236, 230, 230, 0.84); text-align: center;\">E-mail: info@grc-nm.si<\/p><p style=\"background-color: rgba(236, 230, 230, 0.84); text-align: center;\">Mati\u010dna \u0161tevilka: 5015472000<\/p><p style=\"background-color: rgba(236, 230, 230, 0.84); text-align: center;\">Dav\u010dna \u0161tevilka: SI41644506<\/p><p style=\"background-color: rgba(236, 230, 230, 0.84); text-align: center;\">TRR: SI56 0110 0600 8342 702<\/p>\n<p style=\"background-color: rgba(236, 230, 230, 0.84); text-align: center;\"><span style=\"font-weight: bolder;\"><\/span><\/p>\n\n\n\n\n\n<p style=\"text-align: justify;\"><span style=\"color: rgba(15, 12, 12, 0.96); text-align: justify;\">Javni zavod Gasilsko-re\u0161evalni center Novo mesto opravlja naloge javne gasilske slu\u017ebe ter drugih nalog s podro\u010dja varstva pred naravnimi in drugimi nesre\u010dami na svojem obmo\u010dju pokrivanja.<\/span><span style=\"text-align: justify;\"><\/span><span style=\"text-align: justify;\"><\/span><\/p>\n<p style=\"text-align: justify;\"><span style=\"text-align: justify;\">Na podlagi meril za organiziranje in opremljanje gasilskih enot, je Gasilsko-re\u0161evalni center Novo mesto poklicna gasilska enota VI. kategorije.<\/span><span style=\"text-align: justify;\"><\/span><\/p>\n<p style=\"text-align: justify;\"><span style=\"text-align: justify;\">V skladu z Odlokom lahko javni zavod opravlja dejavnost in naloge s podro\u010dja za\u0161\u010dite in re\u0161evanja tudi izven obmo\u010dja ustanoviteljice in za druge pravne osebe in ob\u010dine v soglasju z ustanoviteljem.<\/span><\/p>\n<p style=\"text-align: justify;\">Na podlagi uredbe Vlade Republike Slovenije in v skladu s pogodbe z Upravo RS za za\u0161\u010dito in re\u0161evanje, Gasilsko-re\u0161evalni center Novo mesto opravlja tudi dejavnost za\u0161\u010dite in re\u0161evanja \u0161ir\u0161ega pomena (gasilska enota \u0161ir\u0161ega pomena \u2013 GE\u0160P enota), kar pomeni, da opravlja naloge za\u0161\u010dite in re\u0161evanja ob prometnih nesre\u010dah, nesre\u010dah v industriji in drugih nesre\u010dah, pri katerih so prisotne nevarne snovi, naloge tehni\u010dnega re\u0161evanja ob nesre\u010dah v prometu ter ob nesre\u010dah na teko\u010dih in stoje\u010dih vodah in druge naloge gasilskih enot \u0161ir\u0161ega pomena.<\/p>\n<p style=\"text-align: justify;\">Z Odlokom o organiziranju Gasilsko-re\u0161evalnega centra Novo mesto, je poklicni gasilske enoti dolo\u010deno obmo\u010dje v velikosti 236 km2, s 38.348 prebivalci.<\/p>\n<p style=\"text-align: justify;\">Javni zavod Gasilsko-re\u0161evalni center Novo mesto pogodbeno sodeluje pri zagotavljanju javne gasilske slu\u017ebe \u0161e v naslednjih ob\u010dinah:<\/p>\n\n<span style=\"color: rgb(7, 6, 6);\">Ob\u010dina Stra\u017ea, s povr\u0161ino 28,5 km2 in 3.905 prebivalci,<\/span>\n<span style=\"color: rgb(7, 6, 6);\">Ob\u010dina Mirna Pe\u010d, s povr\u0161ino 48 km2 in 3.192 prebivalci,<\/span>\n<span style=\"color: rgb(7, 6, 6);\">Ob\u010dina Dolenjske Toplice, s povr\u0161ino 110 km2 in 3.618 prebivalci.<\/span>\n\n<p style=\"text-align: justify;\">Kot GE\u0160P enota pokrivamo tudi obmo\u010dje naslednjih ob\u010din:<\/p>\n\n<span style=\"color: rgb(7, 6, 6);\">Ob\u010dina \u0160entjernej, s povr\u0161ino 96 km2 in 7.418 prebivalci,<\/span>\n<span style=\"color: rgb(7, 6, 6);\">Ob\u010dina \u0160kocjan, s povr\u0161ino 60,4 km2 in 3.478 prebivalci,<\/span>\n<span style=\"color: rgb(7, 6, 6);\">Ob\u010dina \u0160marje\u0161ke Toplice, s povr\u0161ino 34 km2 in 3.583 prebivalci.<\/span>\n\n<p>Za re\u0161evanje na vodi in posredovanje ob nevarnih snoveh pokrivamo \u0161e obmo\u010dje:<\/p>\n\n<span style=\"color: rgb(7, 6, 6);\">Ob\u010dine \u017du\u017eemberk, s 164 km2 povr\u0161ine in 4.663 prebivalci.<\/span>\n\n\n\n\n\n<h3>Zaposleni<\/h3>\n\n\n\n\n\n<p style=\"text-align: justify;\">V Gasilsko-re\u0161evalnem centru Novo mesto je 40 zaposlenih, od tega delo opravlja v \u0161tirih izmenah 33 operativnih gasilcev, 3 gasilci so v vodstvu zavoda (direktor-poveljnik in dva podpoveljnika), dva kandidata za gasilca, ki sta na polletnem usposabljanju za pridobitev poklica gasilca, eden zaposleni na podro\u010dju po\u017earne preventive ter ena zaposlena v splo\u0161ni slu\u017ebi zavoda.<\/p>\n<p style=\"text-align: justify;\">Delo poteka 24 ur na dan, vse dni v letu. Operativa je sestavljena v \u0161tiri izmene, katere se izmenjavajo na 12 ur.<\/p>\n\n\n\n\n\n\n<h3>Informacije javnega zna\u010daja<\/h3>\n\nOdlok o organiziranju Gasilsko-re\u0161evalnega centra Novo mesto\nPoslovne vrednote zavoda\n\n\n\n","protected":false},"excerpt":{"rendered":"","protected":false},"author":1,"featured_media":0,"parent":0,"menu_order":0,"comment_status":"closed","ping_status":"closed","template":"","meta":{"pagelayer_contact_templates":[],"_pagelayer_content":"","footnotes":""},"class_list":["post-29","page","type-page","status-publish","hentry"],"rttpg_featured_image_url":null,"rttpg_author":{"display_name":"admin","author_link":"https:\/\/kaps.si\/grcnm\/author\/admin\/"},"rttpg_comment":0,"rttpg_category":null,"rttpg_excerpt":null,"_links":{"self":[{"href":"https:\/\/kaps.si\/grcnm\/wp-json\/wp\/v2\/pages\/29","targetHints":{"allow":["GET"]}}],"collection":[{"href":"https:\/\/kaps.si\/grcnm\/wp-json\/wp\/v2\/pages"}],"about":[{"href":"https:\/\/kaps.si\/grcnm\/wp-json\/wp\/v2\/types\/page"}],"author":[{"embeddable":true,"href":"https:\/\/kaps.si\/grcnm\/wp-json\/wp\/v2\/users\/1"}],"replies":[{"embeddable":true,"href":"https:\/\/kaps.si\/grcnm\/wp-json\/wp\/v2\/comments?post=29"}],"version-history":[{"count":92,"href":"https:\/\/kaps.si\/grcnm\/wp-json\/wp\/v2\/pages\/29\/revisions"}],"predecessor-version":[{"id":977,"href":"https:\/\/kaps.si\/grcnm\/wp-json\/wp\/v2\/pages\/29\/revisions\/977"}],"wp:attachment":[{"href":"https:\/\/kaps.si\/grcnm\/wp-json\/wp\/v2\/media?parent=29"}],"curies":[{"name":"wp","href":"https:\/\/api.w.org\/{rel}","templated":true}]}}