{"id":201,"date":"2024-07-15T15:21:13","date_gmt":"2024-07-15T14:21:13","guid":{"rendered":"https:\/\/kaps.si\/grcnm\/?page_id=201"},"modified":"2025-02-28T18:16:59","modified_gmt":"2025-02-28T17:16:59","slug":"pozarna-straza","status":"publish","type":"page","link":"https:\/\/kaps.si\/grcnm\/menu\/pozarna-straza\/","title":{"rendered":"PO\u017dARNA STRA\u017dA"},"content":{"rendered":"\n\n\n\n<h2>PO\u017dARNA STRA\u017dA<\/h2>\n\n\n\n\n\n\n\n<p [object NamedNodeMap]>Eden klju\u010dnih organizacijskih ukrepov na podro\u010dju po\u017earne varnosti je vzpostavitev po\u017earne stra\u017ee. Po\u017earna stra\u017ea ima osrednjo vlogo pri prepre\u010devanju po\u017earov in zagotavljanju hitrega ter u\u010dinkovitega odziva ob izbruhu po\u017eara.<\/p>\n\n\n<p [object NamedNodeMap]>V Operativnem gasilskem na\u010drtu Mestne ob\u010dine Novo mesto je dolo\u010deno, da mora po\u017earno stra\u017eo, na podlagi odredbe poveljnika GPO Novo mesto, izvajati krajevno pristojna gasilska enota, ob odlo\u010ditvi poveljnika GPO pa tudi druga enota iz JGS MO Novo mesto.<\/p>\n\n\n<p><b>ORGANIZIRANJE IN IZVAJANJE PO\u017dARNIH STRA\u017d<\/b><\/p>\n\n\n<p [object NamedNodeMap]>Skladno s prvim odstavkom 37. \u010dlena Zakona o varstvu pred po\u017earom mora po\u017earno stra\u017eo organizirati:<\/p>\n\n\n<p style=\"text-align: justify;\">1. kdor pretaka koli\u010dine nad 10 m3 lahko vnetljivih snovi in gorljivih plinov,<\/p><p style=\"text-align: justify;\">2. kdor vari, uporablja odprt plamen ali orodje, ki pri uporabi proizvaja iskre, v prostoru, ki je nevaren za po\u017ear in ni posebej prilagojen za ta opravila,<\/p><p style=\"text-align: justify;\">3. prireditelj javnega shoda ali prireditve, na kateri je nevarnost, da izbruhne po\u017ear ali pride do eksplozije,<\/p><p style=\"text-align: justify;\">4. lokalna skupnost v sodelovanju z lastniki oziroma upravljavci gozdov ali drugih zemlji\u0161\u010d, ko je razgla\u0161ena pove\u010dana nevarnost po\u017earov v naravnem okolju.<\/p>\n\n\n<p><b>IZVAJALCI PO\u017dARNIH STRA\u017d<\/b><\/p>\n\n\n<p [object NamedNodeMap]>Skladno z drugim odstavkom 37. \u010dlena Zakona o varstvu pred po\u017earom lahko po\u017earno stra\u017eo opravljajo le gasilci v skladu z zakonom, ki ureja gasilstvo, primerih iz 1. in 2. to\u010dke prej\u0161njega odstavka pa tudi za ga\u0161enje usposobljene osebe, \u010de ne gre za opravljanje del v objektih z najmanj srednjo do pove\u010dano po\u017earno ogro\u017eenostjo ali v objektih, v katerih se zbira ve\u010d kot 100 ljudi.<\/p>\n\n\n<p><b>NARO\u010cILO PO\u017dARNE STRA\u017dE<\/b><\/p>\n\n\n<p><a href=\"https:\/\/docs.google.com\/forms\/d\/e\/1FAIpQLSc7dkj9SoLOqeApDNGPf8iL1eXoAIo44IPgzgudNSEOfgiZEA\/viewform?pli=1\" target=\"_blank\" rel=\"noreferrer noopener\">Za naro\u010dilo po\u017earne stra\u017ee izpolnite kontaktni obrazec >><\/a><\/p>\n\n\n<p><span style=\"font-weight: bold;\">INFORMACIJE<\/span><\/p>\n\n\n<p><span style=\"color: rgba(15, 12, 12, 0.96);\">Za ve\u010d informacij v zvezi z izvajanjem po\u017earne stra\u017ee nas <a href=\"https:\/\/kaps.si\/grcnm\/contact\">kontaktirajte >><\/a><\/span><\/p>\n\n\n\n","protected":false},"excerpt":{"rendered":"","protected":false},"author":1,"featured_media":0,"parent":30,"menu_order":0,"comment_status":"closed","ping_status":"closed","template":"","meta":{"pagelayer_contact_templates":[],"_pagelayer_content":"","footnotes":""},"class_list":["post-201","page","type-page","status-publish","hentry"],"rttpg_featured_image_url":null,"rttpg_author":{"display_name":"admin","author_link":"https:\/\/kaps.si\/grcnm\/author\/admin\/"},"rttpg_comment":0,"rttpg_category":null,"rttpg_excerpt":null,"_links":{"self":[{"href":"https:\/\/kaps.si\/grcnm\/wp-json\/wp\/v2\/pages\/201","targetHints":{"allow":["GET"]}}],"collection":[{"href":"https:\/\/kaps.si\/grcnm\/wp-json\/wp\/v2\/pages"}],"about":[{"href":"https:\/\/kaps.si\/grcnm\/wp-json\/wp\/v2\/types\/page"}],"author":[{"embeddable":true,"href":"https:\/\/kaps.si\/grcnm\/wp-json\/wp\/v2\/users\/1"}],"replies":[{"embeddable":true,"href":"https:\/\/kaps.si\/grcnm\/wp-json\/wp\/v2\/comments?post=201"}],"version-history":[{"count":16,"href":"https:\/\/kaps.si\/grcnm\/wp-json\/wp\/v2\/pages\/201\/revisions"}],"predecessor-version":[{"id":1006,"href":"https:\/\/kaps.si\/grcnm\/wp-json\/wp\/v2\/pages\/201\/revisions\/1006"}],"up":[{"embeddable":true,"href":"https:\/\/kaps.si\/grcnm\/wp-json\/wp\/v2\/pages\/30"}],"wp:attachment":[{"href":"https:\/\/kaps.si\/grcnm\/wp-json\/wp\/v2\/media?parent=201"}],"curies":[{"name":"wp","href":"https:\/\/api.w.org\/{rel}","templated":true}]}}