{"id":197,"date":"2024-07-15T15:17:30","date_gmt":"2024-07-15T14:17:30","guid":{"rendered":"https:\/\/kaps.si\/grcnm\/?page_id=197"},"modified":"2025-02-28T18:07:45","modified_gmt":"2025-02-28T17:07:45","slug":"pregled-in-meritve-hidrantov","status":"publish","type":"page","link":"https:\/\/kaps.si\/grcnm\/menu\/pregled-in-meritve-hidrantov\/","title":{"rendered":"PREGLED IN MERITVE HIDRANTOV"},"content":{"rendered":"\n\n\n<h3>PREGLED IN MERITVE HIDRANTOV<\/h3>\n\n\n\n\n\n<p>Na podlagi pooblastila URSZR smo v GRC Novo mesto poobla\u0161\u010deni za preizku\u0161anje hidrantnih omre\u017eij, ki jih opravljamo v skladu s Pravilnikom o preizku\u0161anju hidrantnih omre\u017eij.<\/p>\n<p>Za ve\u010d informacij nas <a href=\"https:\/\/kaps.si\/grcnm\/contact\/\">kontaktirajte &gt;&gt;<\/a><\/p>\n\n\n","protected":false},"excerpt":{"rendered":"","protected":false},"author":1,"featured_media":0,"parent":30,"menu_order":0,"comment_status":"closed","ping_status":"closed","template":"","meta":{"pagelayer_contact_templates":[],"_pagelayer_content":"","footnotes":""},"class_list":["post-197","page","type-page","status-publish","hentry"],"rttpg_featured_image_url":null,"rttpg_author":{"display_name":"admin","author_link":"https:\/\/kaps.si\/grcnm\/author\/admin\/"},"rttpg_comment":0,"rttpg_category":null,"rttpg_excerpt":null,"_links":{"self":[{"href":"https:\/\/kaps.si\/grcnm\/wp-json\/wp\/v2\/pages\/197","targetHints":{"allow":["GET"]}}],"collection":[{"href":"https:\/\/kaps.si\/grcnm\/wp-json\/wp\/v2\/pages"}],"about":[{"href":"https:\/\/kaps.si\/grcnm\/wp-json\/wp\/v2\/types\/page"}],"author":[{"embeddable":true,"href":"https:\/\/kaps.si\/grcnm\/wp-json\/wp\/v2\/users\/1"}],"replies":[{"embeddable":true,"href":"https:\/\/kaps.si\/grcnm\/wp-json\/wp\/v2\/comments?post=197"}],"version-history":[{"count":8,"href":"https:\/\/kaps.si\/grcnm\/wp-json\/wp\/v2\/pages\/197\/revisions"}],"predecessor-version":[{"id":1002,"href":"https:\/\/kaps.si\/grcnm\/wp-json\/wp\/v2\/pages\/197\/revisions\/1002"}],"up":[{"embeddable":true,"href":"https:\/\/kaps.si\/grcnm\/wp-json\/wp\/v2\/pages\/30"}],"wp:attachment":[{"href":"https:\/\/kaps.si\/grcnm\/wp-json\/wp\/v2\/media?parent=197"}],"curies":[{"name":"wp","href":"https:\/\/api.w.org\/{rel}","templated":true}]}}