{"id":183,"date":"2024-07-15T14:57:03","date_gmt":"2024-07-15T13:57:03","guid":{"rendered":"https:\/\/kaps.si\/grcnm\/?page_id=183"},"modified":"2025-02-28T17:38:22","modified_gmt":"2025-02-28T16:38:22","slug":"servis-rocnih-gasilnih-aparatov","status":"publish","type":"page","link":"https:\/\/kaps.si\/grcnm\/menu\/servis-rocnih-gasilnih-aparatov\/","title":{"rendered":"SERVIS RO\u010cNIH GASILNIH APARATOV"},"content":{"rendered":"\n\n\n<h3>SERVIS RO\u010cNIH GASILNIH APARATOV<\/h3>\n\n\n\n\n\n<p style=\"text-align: justify;\"><span style=\"color: rgba(15, 12, 12, 0.96); font-family: Poppins; font-size: 16px;\">Na podlagi pooblastila Uprave Republike Slovenije za za\u0161\u010dito in re\u0161evanje (\u0161tevilka pooblastila: 8450-41\/2011-23-DGZR) je Gasilsko-re\u0161evalni center Novo mesto poobla\u0161\u010den za vzdr\u017eevanje ro\u010dnih in prevoznih gasilnih aparatov. Smo poobla\u0161\u010deni serviserji za priznane blagovne znamke, kot so: <\/span><strong style=\"color: rgba(15, 12, 12, 0.96); font-family: Poppins; font-size: 16px;\">FIPIS, GEN, BAVARIA, PASTOR, GLORIA, GALLUS, ANAF, TOTAL, NEURUPPIN, IBS, MOBIAK, BETA, \u010cERVINKA, OGNIOCHRON, EMME ANTINCENDIO in MAXIMA.<\/strong><\/p>\n<strong style=\"color: rgba(15, 12, 12, 0.96); font-family: Poppins; font-size: 16px;\"><\/strong><strong>Zakaj izbrati GRC Novo mesto?<\/strong>\n<p style=\"text-align: justify;\"><strong><\/strong>&#8211; <strong>Strokovnost in zanesljivost<\/strong>: Vzdr\u017eevanje gasilnikov izvajamo v skladu z vsemi veljavnimi predpisi, standardi in navodili proizvajalca, kar zagotavlja varnost in brezhibno delovanje opreme.<\/p><p style=\"text-align: justify;\">&#8211; <strong>Vse na enem mestu<\/strong>: Poleg rednih letnih pregledov gasilnikov in hidrantov vam nudimo tudi \u0161irok nabor gasilske opreme in dodatkov.<\/p><p style=\"text-align: justify;\">&#8211; <strong>Dolgoro\u010dna za\u0161\u010dita<\/strong>: S strokovnim vzdr\u017eevanjem va\u0161ih gasilnih naprav zagotavljamo, da bodo vedno pripravljene na takoj\u0161nje in u\u010dinkovito posredovanje.<\/p>\n<p><span style=\"font-weight: 700; text-transform: uppercase;\">Delovni \u010das<\/span><\/p>VSAK DAN: 7.00 &#8211; 22.00\n<p><span style=\"font-weight: 700; text-transform: uppercase;\">kontakt<\/span><\/p>07 39 33 040<br><a href=\"mailto:info@grc-nm.si\">info@grc-nm.si<\/a><br><article id=\"post-87\" class=\"post-87 page type-page status-publish hentry\" style=\"font-family: &quot;Open sans&quot;; color: rgb(51, 51, 51);\"><\/article>\n\n<p><strong>Kontaktirajte nas<\/strong> \u0161e danes in se prepri\u010dajte o na\u0161i strokovnosti ter kakovosti storitev!<br><\/p>\n\n\n\n\n<p><\/p>\n","protected":false},"excerpt":{"rendered":"","protected":false},"author":1,"featured_media":0,"parent":30,"menu_order":1,"comment_status":"closed","ping_status":"closed","template":"","meta":{"pagelayer_contact_templates":[],"_pagelayer_content":"","footnotes":""},"class_list":["post-183","page","type-page","status-publish","hentry"],"rttpg_featured_image_url":null,"rttpg_author":{"display_name":"admin","author_link":"https:\/\/kaps.si\/grcnm\/author\/admin\/"},"rttpg_comment":0,"rttpg_category":null,"rttpg_excerpt":null,"_links":{"self":[{"href":"https:\/\/kaps.si\/grcnm\/wp-json\/wp\/v2\/pages\/183","targetHints":{"allow":["GET"]}}],"collection":[{"href":"https:\/\/kaps.si\/grcnm\/wp-json\/wp\/v2\/pages"}],"about":[{"href":"https:\/\/kaps.si\/grcnm\/wp-json\/wp\/v2\/types\/page"}],"author":[{"embeddable":true,"href":"https:\/\/kaps.si\/grcnm\/wp-json\/wp\/v2\/users\/1"}],"replies":[{"embeddable":true,"href":"https:\/\/kaps.si\/grcnm\/wp-json\/wp\/v2\/comments?post=183"}],"version-history":[{"count":12,"href":"https:\/\/kaps.si\/grcnm\/wp-json\/wp\/v2\/pages\/183\/revisions"}],"predecessor-version":[{"id":985,"href":"https:\/\/kaps.si\/grcnm\/wp-json\/wp\/v2\/pages\/183\/revisions\/985"}],"up":[{"embeddable":true,"href":"https:\/\/kaps.si\/grcnm\/wp-json\/wp\/v2\/pages\/30"}],"wp:attachment":[{"href":"https:\/\/kaps.si\/grcnm\/wp-json\/wp\/v2\/media?parent=183"}],"curies":[{"name":"wp","href":"https:\/\/api.w.org\/{rel}","templated":true}]}}