{"id":149,"date":"2024-07-15T15:11:46","date_gmt":"2024-07-15T14:11:46","guid":{"rendered":"https:\/\/kaps.si\/grcnm\/?page_id=149"},"modified":"2025-02-28T17:58:26","modified_gmt":"2025-02-28T16:58:26","slug":"pozarno-varovanje","status":"publish","type":"page","link":"https:\/\/kaps.si\/grcnm\/menu\/pozarno-varovanje\/","title":{"rendered":"PO\u017dARNO VAROVANJE OBJEKTOV"},"content":{"rendered":"\n\n\n\n<h3>PO\u017dARNO VAROVANJE OBJEKTOV<\/h3>\n\n\n\n\n\n\n\n<p>PO\u017dARNO VAROVANJE je varovanje premo\u017eenja, t.j. objekta pred po\u017earom, ki vklju\u010duje tehni\u010dno in fizi\u010dno po\u017earno varovanje.<\/p>\n\n\n<p><b>Tehni\u010dno po\u017earno varovanje obsega:<\/b><\/p>\n\n\n<p>&#8211; nadzor prenosa signalov od vgrajenega sistema aktivne po\u017earne za\u0161\u010dite v varovanem objektu do varnostno nadzornega centra,<\/p><p>&#8211; prenos povezav oziroma informacij do telefonske centrale,<\/p><p>&#8211; obve\u0161\u010danje in ukrepanje ob po\u017earu, \u010de je tako dolo\u010deno za varovani objekt z na\u010drtom po\u017earnega varovanja.<\/p>\n\n\n<p><b>Na\u010drt po\u017earnega varovanja:<\/b><\/p>\n\n\n<p>&#8211; dolo\u010da objekte in na\u010din po\u017earnega varovanja;<\/p><p>&#8211; na\u010din ukrepanja in \u010das predviden za ukrepanje;<\/p><p>&#8211; \u0161tevilo gasilcev, potrebnih za ukrepanje;<\/p><p>&#8211; na\u010din obve\u0161\u010danja krajevno pristojnega ReCO glede na lokacijo varovanega objekta in na\u010din obve\u0161\u010danja naro\u010dnika;<\/p><p>&#8211; na\u010din vstopa in gibanja v varovanem objektu, tudi ob izpadu elektri\u010dne energije;<\/p><p>&#8211; po\u017earni na\u010drt;<\/p><p>&#8211; izdelava poro\u010dila o intervenciji in letnega poro\u010dila v skladu s tem pravilnikom;<\/p><p>&#8211; \u010das odprave okvar na delu sistema, ki je v upravljanju izvajalca po\u017earnega varovanja.<\/p>\n\n\n<p><b>Izvajalci po\u017earnega varovanja so lahko:<\/b><\/p>\n\n\n<p>&#8211; poklicne ali prostovoljne gasilske enote, ki morajo na obmo\u010dje po\u017earno varovanega objekta priti z intervencijsko ekipo <b>najkasneje v desetih minutah<\/b> od trenutka alarma oziroma poziva, pri \u010demer sede\u017e teh enot ne sme biti oddaljen od varovanega objekta <b>ve\u010d kot 5 km<\/b>.<\/p><p>&#8211; pravne osebe, ki imajo licenco za varovanje premo\u017eenja skladno z zakonom, ki ureja zasebno varovanje in na podlagi pravilnika pridobljeno pooblastilo za izvajanje po\u017earnega varovanja;<\/p>\n\n<p><strong>PRAVICA<\/strong> za izvajanje po\u017earnega varovanja se pridobi s <strong>pooblastilom<\/strong>.<\/p>\nZa ve\u010d informacij o po\u017earnem varovanju objektov nas <a href=\"https:\/\/kaps.si\/grcnm\/contact\/\">kontaktirajte &gt;&gt;&nbsp;<\/a>\n\n<p><a href=\"https:\/\/pisrs.si\/pregledPredpisa?id=PRAV7993\" target=\"_blank\" rel=\"noreferrer noopener\">&#8211; Pravilnik o po\u017earnem varovanju (Uradni list RS, \u0161t. 107\/2007) >><\/a><\/p>\n\n\n\n","protected":false},"excerpt":{"rendered":"","protected":false},"author":1,"featured_media":0,"parent":30,"menu_order":0,"comment_status":"closed","ping_status":"closed","template":"","meta":{"pagelayer_contact_templates":[],"_pagelayer_content":"","footnotes":""},"class_list":["post-149","page","type-page","status-publish","hentry"],"rttpg_featured_image_url":null,"rttpg_author":{"display_name":"admin","author_link":"https:\/\/kaps.si\/grcnm\/author\/admin\/"},"rttpg_comment":0,"rttpg_category":null,"rttpg_excerpt":null,"_links":{"self":[{"href":"https:\/\/kaps.si\/grcnm\/wp-json\/wp\/v2\/pages\/149","targetHints":{"allow":["GET"]}}],"collection":[{"href":"https:\/\/kaps.si\/grcnm\/wp-json\/wp\/v2\/pages"}],"about":[{"href":"https:\/\/kaps.si\/grcnm\/wp-json\/wp\/v2\/types\/page"}],"author":[{"embeddable":true,"href":"https:\/\/kaps.si\/grcnm\/wp-json\/wp\/v2\/users\/1"}],"replies":[{"embeddable":true,"href":"https:\/\/kaps.si\/grcnm\/wp-json\/wp\/v2\/comments?post=149"}],"version-history":[{"count":8,"href":"https:\/\/kaps.si\/grcnm\/wp-json\/wp\/v2\/pages\/149\/revisions"}],"predecessor-version":[{"id":997,"href":"https:\/\/kaps.si\/grcnm\/wp-json\/wp\/v2\/pages\/149\/revisions\/997"}],"up":[{"embeddable":true,"href":"https:\/\/kaps.si\/grcnm\/wp-json\/wp\/v2\/pages\/30"}],"wp:attachment":[{"href":"https:\/\/kaps.si\/grcnm\/wp-json\/wp\/v2\/media?parent=149"}],"curies":[{"name":"wp","href":"https:\/\/api.w.org\/{rel}","templated":true}]}}